{"id":33,"date":"2020-11-12T15:27:30","date_gmt":"2020-11-12T15:27:30","guid":{"rendered":"http:\/\/de.frmicrosites.autonomic.zone\/?page_id=33"},"modified":"2022-01-17T15:37:34","modified_gmt":"2022-01-17T15:37:34","slug":"about","status":"publish","type":"page","link":"https:\/\/de.frmicrosites.autonomic.zone\/de\/about\/","title":{"rendered":"\u00dcber Uns"},"content":{"rendered":"<section class=\"gb-container gb-container-097f91bb jumbotron\"><div class=\"gb-inside-container\">\n\n<h1 class=\"has-text-align-center wp-block-heading\"><strong>About Fashion Revolution<\/strong><\/h1>\n\n<\/div><\/section>\n\n\n<h3 class=\"wp-block-heading\">der verein<\/h3>\n\n\n\n<p>Als Fashion Revolution Germany e.V. sind wir der Verein hinter der globalen Kampagne Fashion Revolution. Diese wurde 2013 nach dem Zusammenbruch der Rana Plaza Factory ins Leben gerufen und ist eine internationale Non-Profit-Organisation, die sich f\u00fcr eine saubere, sichere, faire, transparente und rechenschaftspflichtige Modeindustrie einsetzt. Wir f\u00f6rdern Bildung und Aufkl\u00e4rung angesichts der Textil- und Modeindustrie und tragen somit zu einem positiven Wandel f\u00fcr die Arbeitsbedingungen in den produzierenden L\u00e4ndern bei. Damit weisen wir auf neue Perspektiven hin zu einer schonenden Ressourcennutzung, um einen gr\u00fcnen Fu\u00dfabdruck in der Welt zu hinterlassen und fordern mehr Transparenz in der textilen Wertsch\u00f6pfungskette.<\/p>\n\n\n\n<p>Durch die Verbreitung von nachhaltigen L\u00f6sungskonzepten (ecofaire Modelabels, innovative Projektideen, alternative Wirtschaftsmodelle), Hintergrundinformationen und Fachwissen f\u00fcr Unternehmen als auch Verbraucher wird eine Bewusstseinsver\u00e4nderung geschaffen, die zum aktiven Handeln anregt \u2013 denn nur durch bewusstes Konsumieren und Handeln kann eine Verbesserung auf allen Ebenen der textilen Produktionskette herbeigef\u00fchrt werden.<\/p>\n\n\n\n<p>Die Kraft, die hinter der Modeindustrie steckt, hat das Potenzial durch einen nachhaltigen Kurswechsel zu erheblichen Verbesserungen im sozialen und \u00f6kologischen Bereich beizutragen.&nbsp;<\/p>\n\n\n\n<h3 class=\"wp-block-heading\"><strong>wer wir sind<\/strong><\/h3>\n\n\n\n<p>Wir sind Designer, Berater, Kommunikationswissenschaftler aus der Modebranche. Uns vereint die Idee, unser Wissen \u00fcber die Missst\u00e4nde in der Modeindustrie durch Aufkl\u00e4rung \u00fcber soziale und \u00f6kologische Aspekte weiterzugeben. Wir sind davon \u00fcberzeugt, dass nur durch Wissensvermittlung das Vertrauen von Verbrauchern gest\u00e4rkt, ihr Konsumverhalten ver\u00e4ndert und damit die Wirtschaft nachhaltig ver\u00e4ndert werden kann.<\/p>\n\n\n\n<h3 class=\"wp-block-heading\"><strong>was wir tun<\/strong><\/h3>\n\n\n\n<p>Als Fashion Revolution Germany e.V. f\u00f6rdern wir die Aufkl\u00e4rung in der Textil und Modeproduktion. Besondere Schwerpunkte legen wir auf Nachhaltigkeit, Umwelt, Sozialstandards und soziale Gerechtigkeit.<\/p>\n\n\n\n<p>In unseren regelm\u00e4\u00dfigen Treffen b\u00fcndeln wir immer wieder anerkanntes Expertenwissen und k\u00fcmmern uns anschlie\u00dfend darum alle Informationen in verbraucherfreundliche Formate zu bringen.<\/p>\n\n\n\n<p>Dar\u00fcber hinaus organisieren wir \u00f6ffentliche Veranstaltungen, um einen Austausch und die Vermittlung von Fachwissen zwischen Experten und den Interessierten zu f\u00f6rdern.<\/p>\n\n\n\n<p>Unsere Arbeit liegt uns am Herzen! Und zwar tats\u00e4chlich nur am Herzen. Als gemeinn\u00fctziger Verein arbeiten alle unsere Mitglieder ehrenamtlich f\u00fcr das eine Ziel: Eine Fashion Revolution, die daf\u00fcr sorgt, dass es allen Beteiligten in der Wertsch\u00f6pfungskette der Mode- und Textilindustrie anerkannt werden. Unsere Bezahlung ist der Dank und das L\u00e4cheln derjenigen denen wir schon helfen konnten. Finanzieren tun wir uns ausschlie\u00dflich durch Mitgliedsbeitr\u00e4ge, Spenden und F\u00f6rdermitglieder.<\/p>\n\n\n\n<p>Wer bei uns Mitglied werden will, kann eine aktive oder eine passive Mitgliedschaft beantragen. Passive Mitglieder sind F\u00f6rdermitglieder und Ehrenmitglieder, \u00fcber die unser Vorstand abstimmt und sie benennt. Sowohl Eintritt als auch Austritt aus dem Verein bedarf der Schriftform<\/p>","protected":false},"excerpt":{"rendered":"<p>About Fashion Revolution the association As Fashion Revolution Germany e.V. we are the association behind the global campaign \u201cFashion Revolution\u201d. Launched in 2013 after the collapse of the Rana Plaza Factory, we are an international non-profit organization dedicated to a clean, safe, fair, transparent and accountable fashion industry. We promote education and enlightenment within the [&hellip;]<\/p>\n","protected":false},"author":1,"featured_media":0,"parent":0,"menu_order":0,"comment_status":"closed","ping_status":"closed","template":"","meta":{"footnotes":""},"class_list":["post-33","page","type-page","status-publish","hentry"],"_links":{"self":[{"href":"https:\/\/de.frmicrosites.autonomic.zone\/de\/wp-json\/wp\/v2\/pages\/33","targetHints":{"allow":["GET"]}}],"collection":[{"href":"https:\/\/de.frmicrosites.autonomic.zone\/de\/wp-json\/wp\/v2\/pages"}],"about":[{"href":"https:\/\/de.frmicrosites.autonomic.zone\/de\/wp-json\/wp\/v2\/types\/page"}],"author":[{"embeddable":true,"href":"https:\/\/de.frmicrosites.autonomic.zone\/de\/wp-json\/wp\/v2\/users\/1"}],"replies":[{"embeddable":true,"href":"https:\/\/de.frmicrosites.autonomic.zone\/de\/wp-json\/wp\/v2\/comments?post=33"}],"version-history":[{"count":12,"href":"https:\/\/de.frmicrosites.autonomic.zone\/de\/wp-json\/wp\/v2\/pages\/33\/revisions"}],"predecessor-version":[{"id":434,"href":"https:\/\/de.frmicrosites.autonomic.zone\/de\/wp-json\/wp\/v2\/pages\/33\/revisions\/434"}],"wp:attachment":[{"href":"https:\/\/de.frmicrosites.autonomic.zone\/de\/wp-json\/wp\/v2\/media?parent=33"}],"curies":[{"name":"wp","href":"https:\/\/api.w.org\/{rel}","templated":true}]}}